{"id":28,"date":"2026-01-12T18:16:22","date_gmt":"2026-01-12T18:16:22","guid":{"rendered":"https:\/\/wayimportacao.com.br\/sunbrax\/?page_id=28"},"modified":"2026-01-16T13:58:58","modified_gmt":"2026-01-16T13:58:58","slug":"home","status":"publish","type":"page","link":"https:\/\/wayimportacao.com.br\/sunbrax\/","title":{"rendered":"Home"},"content":{"rendered":"\t\t<div data-elementor-type=\"wp-page\" data-elementor-id=\"28\" class=\"elementor elementor-28\" data-elementor-post-type=\"page\">\n\t\t\t\t<div class=\"elementor-element elementor-element-acf0e2d e-flex e-con-boxed e-con e-parent\" data-id=\"acf0e2d\" data-element_type=\"container\" data-e-type=\"container\" data-settings=\"{&quot;background_background&quot;:&quot;classic&quot;}\">\n\t\t\t\t\t<div class=\"e-con-inner\">\n\t\t<div class=\"elementor-element elementor-element-abc3174 e-con-full e-flex e-con e-child\" data-id=\"abc3174\" data-element_type=\"container\" data-e-type=\"container\">\n\t\t\t\t<div class=\"elementor-element elementor-element-a8689ff elementor-widget elementor-widget-heading\" data-id=\"a8689ff\" data-element_type=\"widget\" data-e-type=\"widget\" data-widget_type=\"heading.default\">\n\t\t\t\t\t<h2 class=\"elementor-heading-title elementor-size-default\">SUNBRAX\n\n<\/h2>\t\t\t\t<\/div>\n\t\t\t\t<div class=\"elementor-element elementor-element-d929fbf elementor-widget__width-initial elementor-widget elementor-widget-text-editor\" data-id=\"d929fbf\" data-element_type=\"widget\" data-e-type=\"widget\" data-widget_type=\"text-editor.default\">\n\t\t\t\t\t\t\t\t\tSomos especialistas em telas e cercamento\npara constru\u00e7\u00e3o civil e agroneg\u00f3cio.\t\t\t\t\t\t\t\t<\/div>\n\t\t\t\t<div class=\"elementor-element elementor-element-e192f0b e-transform elementor-widget elementor-widget-button\" data-id=\"e192f0b\" data-element_type=\"widget\" data-e-type=\"widget\" data-settings=\"{&quot;_transform_scale_effect_hover&quot;:{&quot;unit&quot;:&quot;px&quot;,&quot;size&quot;:1.02,&quot;sizes&quot;:[]},&quot;_transform_scale_effect_hover_tablet&quot;:{&quot;unit&quot;:&quot;px&quot;,&quot;size&quot;:&quot;&quot;,&quot;sizes&quot;:[]},&quot;_transform_scale_effect_hover_mobile&quot;:{&quot;unit&quot;:&quot;px&quot;,&quot;size&quot;:&quot;&quot;,&quot;sizes&quot;:[]}}\" data-widget_type=\"button.default\">\n\t\t\t\t\t\t\t\t\t\t<a class=\"elementor-button elementor-button-link elementor-size-sm\" href=\"#sobre\" id=\"sobre\">\n\t\t\t\t\t\t<span class=\"elementor-button-content-wrapper\">\n\t\t\t\t\t\t<span class=\"elementor-button-icon\">\n\t\t\t\t<svg xmlns=\"http:\/\/www.w3.org\/2000\/svg\" width=\"800px\" height=\"800px\" viewBox=\"0 0 24 24\" fill=\"none\" transform=\"rotate(180)\"><g id=\"SVGRepo_bgCarrier\" stroke-width=\"0\"><\/g><g id=\"SVGRepo_tracerCarrier\" stroke-linecap=\"round\" stroke-linejoin=\"round\"><\/g><g id=\"SVGRepo_iconCarrier\"><path fill-rule=\"evenodd\" clip-rule=\"evenodd\" d=\"M10.5303 5.46967C10.8232 5.76256 10.8232 6.23744 10.5303 6.53033L5.81066 11.25H20C20.4142 11.25 20.75 11.5858 20.75 12C20.75 12.4142 20.4142 12.75 20 12.75H5.81066L10.5303 17.4697C10.8232 17.7626 10.8232 18.2374 10.5303 18.5303C10.2374 18.8232 9.76256 18.8232 9.46967 18.5303L3.46967 12.5303C3.17678 12.2374 3.17678 11.7626 3.46967 11.4697L9.46967 5.46967C9.76256 5.17678 10.2374 5.17678 10.5303 5.46967Z\" fill=\"#ffffff\"><\/path><\/g><\/svg>\t\t\t<\/span>\n\t\t\t\t\t\t\t\t\t<span class=\"elementor-button-text\">Saiba mais<\/span>\n\t\t\t\t\t<\/span>\n\t\t\t\t\t<\/a>\n\t\t\t\t\t\t\t\t<\/div>\n\t\t\t\t<\/div>\n\t\t<div class=\"elementor-element elementor-element-364fe1c e-con-full elementor-hidden-mobile e-flex e-con e-child\" data-id=\"364fe1c\" data-element_type=\"container\" data-e-type=\"container\">\n\t\t\t\t<\/div>\n\t\t\t\t\t<\/div>\n\t\t\t\t<\/div>\n\t\t<div class=\"elementor-element elementor-element-a63f310 e-flex e-con-boxed e-con e-parent\" data-id=\"a63f310\" data-element_type=\"container\" data-e-type=\"container\" data-settings=\"{&quot;background_background&quot;:&quot;classic&quot;}\">\n\t\t\t\t\t<div class=\"e-con-inner\">\n\t\t<div class=\"elementor-element elementor-element-6a5355e e-con-full e-flex e-con e-child\" data-id=\"6a5355e\" data-element_type=\"container\" data-e-type=\"container\">\n\t\t\t\t<div class=\"elementor-element elementor-element-af005ca elementor-widget elementor-widget-text-editor\" data-id=\"af005ca\" data-element_type=\"widget\" data-e-type=\"widget\" data-widget_type=\"text-editor.default\">\n\t\t\t\t\t\t\t\t\t<p>Nossos <strong>N\u00fameros<\/strong><\/p>\t\t\t\t\t\t\t\t<\/div>\n\t\t\t\t<div class=\"elementor-element elementor-element-adde81e elementor-widget elementor-widget-text-editor\" data-id=\"adde81e\" data-element_type=\"widget\" data-e-type=\"widget\" data-widget_type=\"text-editor.default\">\n\t\t\t\t\t\t\t\t\tExperi\u00eancia e estrutura capaz de atender a todas as suas necessidades.\t\t\t\t\t\t\t\t<\/div>\n\t\t<div class=\"elementor-element elementor-element-fd78eb4 e-con-full e-flex e-con e-child\" data-id=\"fd78eb4\" data-element_type=\"container\" data-e-type=\"container\">\n\t\t\t\t<div class=\"elementor-element elementor-element-0864594 elementor-widget__width-initial elementor-widget elementor-widget-counter\" data-id=\"0864594\" data-element_type=\"widget\" data-e-type=\"widget\" data-widget_type=\"counter.default\">\n\t\t\t\t\t\t\t<div class=\"elementor-counter\">\n\t\t\t<div class=\"elementor-counter-title\">Anos<\/div>\t\t\t<div class=\"elementor-counter-number-wrapper\">\n\t\t\t\t<span class=\"elementor-counter-number-prefix\"><\/span>\n\t\t\t\t<span class=\"elementor-counter-number\" data-duration=\"2000\" data-to-value=\"5\" data-from-value=\"0\" data-delimiter=\",\">0<\/span>\n\t\t\t\t<span class=\"elementor-counter-number-suffix\"><\/span>\n\t\t\t<\/div>\n\t\t<\/div>\n\t\t\t\t\t\t<\/div>\n\t\t\t\t<div class=\"elementor-element elementor-element-3450297 elementor-widget__width-initial elementor-widget elementor-widget-counter\" data-id=\"3450297\" data-element_type=\"widget\" data-e-type=\"widget\" data-widget_type=\"counter.default\">\n\t\t\t\t\t\t\t<div class=\"elementor-counter\">\n\t\t\t<div class=\"elementor-counter-title\">metros vendidos<\/div>\t\t\t<div class=\"elementor-counter-number-wrapper\">\n\t\t\t\t<span class=\"elementor-counter-number-prefix\">+<\/span>\n\t\t\t\t<span class=\"elementor-counter-number\" data-duration=\"2000\" data-to-value=\"1000000\" data-from-value=\"0\" data-delimiter=\".\">0<\/span>\n\t\t\t\t<span class=\"elementor-counter-number-suffix\"><\/span>\n\t\t\t<\/div>\n\t\t<\/div>\n\t\t\t\t\t\t<\/div>\n\t\t\t\t<div class=\"elementor-element elementor-element-bc20c1c elementor-widget__width-initial elementor-widget elementor-widget-counter\" data-id=\"bc20c1c\" data-element_type=\"widget\" data-e-type=\"widget\" data-widget_type=\"counter.default\">\n\t\t\t\t\t\t\t<div class=\"elementor-counter\">\n\t\t\t<div class=\"elementor-counter-title\">Linhas de Telas<\/div>\t\t\t<div class=\"elementor-counter-number-wrapper\">\n\t\t\t\t<span class=\"elementor-counter-number-prefix\"><\/span>\n\t\t\t\t<span class=\"elementor-counter-number\" data-duration=\"2000\" data-to-value=\"5\" data-from-value=\"0\" data-delimiter=\".\">0<\/span>\n\t\t\t\t<span class=\"elementor-counter-number-suffix\"><\/span>\n\t\t\t<\/div>\n\t\t<\/div>\n\t\t\t\t\t\t<\/div>\n\t\t\t\t<\/div>\n\t\t\t\t<\/div>\n\t\t\t\t\t<\/div>\n\t\t\t\t<\/div>\n\t\t<div class=\"elementor-element elementor-element-c9cf29e e-flex e-con-boxed e-con e-parent\" data-id=\"c9cf29e\" data-element_type=\"container\" data-e-type=\"container\" data-settings=\"{&quot;background_background&quot;:&quot;gradient&quot;}\">\n\t\t\t\t\t<div class=\"e-con-inner\">\n\t\t<div class=\"elementor-element elementor-element-a7bd389 e-con-full e-flex e-con e-child\" data-id=\"a7bd389\" data-element_type=\"container\" data-e-type=\"container\">\n\t\t\t\t<div class=\"elementor-element elementor-element-336b152 elementor-widget elementor-widget-text-editor\" data-id=\"336b152\" data-element_type=\"widget\" data-e-type=\"widget\" data-widget_type=\"text-editor.default\">\n\t\t\t\t\t\t\t\t\t<h>Conhe\u00e7a a <strong>Sunbrax<\/strong><\/h2>\t\t\t\t\t\t\t\t<\/div>\n\t\t\t\t<\/div>\n\t\t<div class=\"elementor-element elementor-element-942cd6e e-con-full e-flex e-con e-child\" data-id=\"942cd6e\" data-element_type=\"container\" data-e-type=\"container\" id=\"sobre\" data-settings=\"{&quot;background_background&quot;:&quot;classic&quot;}\">\n\t\t\t\t<div class=\"elementor-element elementor-element-6e22d47 elementor-widget elementor-widget-image\" data-id=\"6e22d47\" data-element_type=\"widget\" data-e-type=\"widget\" data-widget_type=\"image.default\">\n\t\t\t\t\t\t\t\t\t\t\t\t\t\t\t<img fetchpriority=\"high\" decoding=\"async\" width=\"800\" height=\"800\" src=\"https:\/\/wayimportacao.com.br\/sunbrax\/wp-content\/uploads\/2026\/01\/Pagina-1-1024x1024.jpg\" class=\"attachment-large size-large wp-image-371\" alt=\"\" srcset=\"https:\/\/wayimportacao.com.br\/sunbrax\/wp-content\/uploads\/2026\/01\/Pagina-1-1024x1024.jpg 1024w, https:\/\/wayimportacao.com.br\/sunbrax\/wp-content\/uploads\/2026\/01\/Pagina-1-300x300.jpg 300w, https:\/\/wayimportacao.com.br\/sunbrax\/wp-content\/uploads\/2026\/01\/Pagina-1-150x150.jpg 150w, https:\/\/wayimportacao.com.br\/sunbrax\/wp-content\/uploads\/2026\/01\/Pagina-1-768x768.jpg 768w, https:\/\/wayimportacao.com.br\/sunbrax\/wp-content\/uploads\/2026\/01\/Pagina-1.jpg 1080w\" sizes=\"(max-width: 800px) 100vw, 800px\" \/>\t\t\t\t\t\t\t\t\t\t\t\t\t\t\t<\/div>\n\t\t\t\t<div class=\"elementor-element elementor-element-2f4c543 elementor-widget__width-initial elementor-absolute elementor-widget elementor-widget-image\" data-id=\"2f4c543\" data-element_type=\"widget\" data-e-type=\"widget\" data-settings=\"{&quot;_position&quot;:&quot;absolute&quot;}\" data-widget_type=\"image.default\">\n\t\t\t\t\t\t\t\t\t\t\t\t\t\t\t<img decoding=\"async\" width=\"800\" height=\"800\" src=\"https:\/\/wayimportacao.com.br\/sunbrax\/wp-content\/uploads\/2026\/01\/Pagina-2-1024x1024.jpg\" class=\"attachment-large size-large wp-image-470\" alt=\"\" srcset=\"https:\/\/wayimportacao.com.br\/sunbrax\/wp-content\/uploads\/2026\/01\/Pagina-2-1024x1024.jpg 1024w, https:\/\/wayimportacao.com.br\/sunbrax\/wp-content\/uploads\/2026\/01\/Pagina-2-300x300.jpg 300w, https:\/\/wayimportacao.com.br\/sunbrax\/wp-content\/uploads\/2026\/01\/Pagina-2-150x150.jpg 150w, https:\/\/wayimportacao.com.br\/sunbrax\/wp-content\/uploads\/2026\/01\/Pagina-2-768x768.jpg 768w, https:\/\/wayimportacao.com.br\/sunbrax\/wp-content\/uploads\/2026\/01\/Pagina-2.jpg 1080w\" sizes=\"(max-width: 800px) 100vw, 800px\" \/>\t\t\t\t\t\t\t\t\t\t\t\t\t\t\t<\/div>\n\t\t\t\t<\/div>\n\t\t<div class=\"elementor-element elementor-element-33b10d3 e-con-full e-flex e-con e-child\" data-id=\"33b10d3\" data-element_type=\"container\" data-e-type=\"container\" data-settings=\"{&quot;background_background&quot;:&quot;classic&quot;}\">\n\t\t\t\t<div class=\"elementor-element elementor-element-f9372c5 elementor-widget__width-initial elementor-widget-tablet__width-initial elementor-widget elementor-widget-heading\" data-id=\"f9372c5\" data-element_type=\"widget\" data-e-type=\"widget\" data-widget_type=\"heading.default\">\n\t\t\t\t\t<h2 class=\"elementor-heading-title elementor-size-default\">Telas  de Sombreamento Sunbrax<\/h2>\t\t\t\t<\/div>\n\t\t\t\t<div class=\"elementor-element elementor-element-19ee18c elementor-widget__width-initial elementor-widget-mobile__width-inherit elementor-widget elementor-widget-text-editor\" data-id=\"19ee18c\" data-element_type=\"widget\" data-e-type=\"widget\" data-widget_type=\"text-editor.default\">\n\t\t\t\t\t\t\t\t\t<p data-start=\"79\" data-end=\"247\">Fabricadas em polietileno de alta densidade, recebem aditivos especiais que as protegem contra os raios ultravioletas, proporcionando resist\u00eancia e alta durabilidade.<\/p><p data-start=\"254\" data-end=\"475\">Leves e male\u00e1veis, podem ser aplicadas em diversos projetos como cultivo de hortali\u00e7as, frutas, mudas, flores e viveiros. E tamb\u00e9m na cria\u00e7\u00e3o de bovinos, ovinos e caprinos, podendo servir at\u00e9 como capa para transportes.<\/p><p data-start=\"482\" data-end=\"663\">As telas <strong data-start=\"491\" data-end=\"502\">Sunbrax<\/strong> destinam-se ao controle do calor excessivo e \u00e0 prote\u00e7\u00e3o \u00e0s mudan\u00e7as clim\u00e1ticas, al\u00e9m de serem uma prote\u00e7\u00e3o contra insetos, pragas e poss\u00edveis danos \u00e0 planta\u00e7\u00e3o.<\/p>\t\t\t\t\t\t\t\t<\/div>\n\t\t<div class=\"elementor-element elementor-element-db8b4eb e-con-full e-flex e-con e-child\" data-id=\"db8b4eb\" data-element_type=\"container\" data-e-type=\"container\">\n\t\t\t\t<div class=\"elementor-element elementor-element-8a3fa13 elementor-widget elementor-widget-text-editor\" data-id=\"8a3fa13\" data-element_type=\"widget\" data-e-type=\"widget\" data-widget_type=\"text-editor.default\">\n\t\t\t\t\t\t\t\t\tSKU:<strong style=\"font-size: 1.3rem;\">SUN5075<\/strong>\t\t\t\t\t\t\t\t<\/div>\n\t\t\t\t<div class=\"elementor-element elementor-element-9a2f1a8 e-transform elementor-widget elementor-widget-button\" data-id=\"9a2f1a8\" data-element_type=\"widget\" data-e-type=\"widget\" data-settings=\"{&quot;_transform_scale_effect_hover&quot;:{&quot;unit&quot;:&quot;px&quot;,&quot;size&quot;:1.02,&quot;sizes&quot;:[]},&quot;_transform_scale_effect_hover_tablet&quot;:{&quot;unit&quot;:&quot;px&quot;,&quot;size&quot;:&quot;&quot;,&quot;sizes&quot;:[]},&quot;_transform_scale_effect_hover_mobile&quot;:{&quot;unit&quot;:&quot;px&quot;,&quot;size&quot;:&quot;&quot;,&quot;sizes&quot;:[]}}\" data-widget_type=\"button.default\">\n\t\t\t\t\t\t\t\t\t\t<a class=\"elementor-button elementor-button-link elementor-size-sm\" href=\"https:\/\/wayimportacao.com.br\/sunbrax\/produtos\/\">\n\t\t\t\t\t\t<span class=\"elementor-button-content-wrapper\">\n\t\t\t\t\t\t<span class=\"elementor-button-icon\">\n\t\t\t\t<svg xmlns=\"http:\/\/www.w3.org\/2000\/svg\" width=\"800px\" height=\"800px\" viewBox=\"0 0 24 24\" fill=\"none\" transform=\"rotate(180)\"><g id=\"SVGRepo_bgCarrier\" stroke-width=\"0\"><\/g><g id=\"SVGRepo_tracerCarrier\" stroke-linecap=\"round\" stroke-linejoin=\"round\"><\/g><g id=\"SVGRepo_iconCarrier\"><path fill-rule=\"evenodd\" clip-rule=\"evenodd\" d=\"M10.5303 5.46967C10.8232 5.76256 10.8232 6.23744 10.5303 6.53033L5.81066 11.25H20C20.4142 11.25 20.75 11.5858 20.75 12C20.75 12.4142 20.4142 12.75 20 12.75H5.81066L10.5303 17.4697C10.8232 17.7626 10.8232 18.2374 10.5303 18.5303C10.2374 18.8232 9.76256 18.8232 9.46967 18.5303L3.46967 12.5303C3.17678 12.2374 3.17678 11.7626 3.46967 11.4697L9.46967 5.46967C9.76256 5.17678 10.2374 5.17678 10.5303 5.46967Z\" fill=\"#ffffff\"><\/path><\/g><\/svg>\t\t\t<\/span>\n\t\t\t\t\t\t\t\t\t<span class=\"elementor-button-text\">Ver mais<\/span>\n\t\t\t\t\t<\/span>\n\t\t\t\t\t<\/a>\n\t\t\t\t\t\t\t\t<\/div>\n\t\t\t\t<\/div>\n\t\t\t\t<\/div>\n\t\t\t\t\t<\/div>\n\t\t\t\t<\/div>\n\t\t\t\t<\/div>\n\t\t","protected":false},"excerpt":{"rendered":"<p>SUNBRAX Somos especialistas em telas e cercamento para constru\u00e7\u00e3o civil e agroneg\u00f3cio. Saiba mais Nossos N\u00fameros Experi\u00eancia e estrutura capaz de atender a todas as suas necessidades. Anos 0 metros vendidos + 0 Linhas de Telas 0 Conhe\u00e7a a Sunbrax Telas de Sombreamento Sunbrax Fabricadas em polietileno de alta densidade, recebem aditivos especiais que as [&hellip;]<\/p>\n","protected":false},"author":1,"featured_media":0,"parent":0,"menu_order":0,"comment_status":"closed","ping_status":"closed","template":"","meta":{"footnotes":""},"class_list":["post-28","page","type-page","status-publish","hentry"],"_hostinger_reach_plugin_has_subscription_block":false,"_hostinger_reach_plugin_is_elementor":false,"_links":{"self":[{"href":"https:\/\/wayimportacao.com.br\/sunbrax\/wp-json\/wp\/v2\/pages\/28","targetHints":{"allow":["GET"]}}],"collection":[{"href":"https:\/\/wayimportacao.com.br\/sunbrax\/wp-json\/wp\/v2\/pages"}],"about":[{"href":"https:\/\/wayimportacao.com.br\/sunbrax\/wp-json\/wp\/v2\/types\/page"}],"author":[{"embeddable":true,"href":"https:\/\/wayimportacao.com.br\/sunbrax\/wp-json\/wp\/v2\/users\/1"}],"replies":[{"embeddable":true,"href":"https:\/\/wayimportacao.com.br\/sunbrax\/wp-json\/wp\/v2\/comments?post=28"}],"version-history":[{"count":616,"href":"https:\/\/wayimportacao.com.br\/sunbrax\/wp-json\/wp\/v2\/pages\/28\/revisions"}],"predecessor-version":[{"id":1231,"href":"https:\/\/wayimportacao.com.br\/sunbrax\/wp-json\/wp\/v2\/pages\/28\/revisions\/1231"}],"wp:attachment":[{"href":"https:\/\/wayimportacao.com.br\/sunbrax\/wp-json\/wp\/v2\/media?parent=28"}],"curies":[{"name":"wp","href":"https:\/\/api.w.org\/{rel}","templated":true}]}}